{"id":7670,"date":"2024-11-27T16:20:03","date_gmt":"2024-11-27T15:20:03","guid":{"rendered":"https:\/\/veho-schweiz.com\/product\/veho-ta-10-chargeur-universel-sans-fil-pour-smartphone-en-voiture\/"},"modified":"2024-12-18T17:39:36","modified_gmt":"2024-12-18T16:39:36","slug":"veho-ta-10-chargeur-universel-sans-fil-pour-smartphone-en-voiture","status":"publish","type":"product","link":"https:\/\/veho-schweiz.com\/fr\/product\/veho-ta-10-chargeur-universel-sans-fil-pour-smartphone-en-voiture\/","title":{"rendered":"Veho TA-10 Chargeur universel sans fil pour smartphone en voiture"},"content":{"rendered":"<div class=\"wp-content wp-content--product\"><p>Le support universel pour smartphone Veho TA-10 pour voiture avec chargement Qi sans fil dispose d&rsquo;un verrouillage automatique et d&rsquo;un d\u00e9verrouillage \u00e0 une touche pour une utilisation \u00e0 une main.<br \/>\nLe support peut \u00eatre mont\u00e9 soit avec le support pour tableau de bord\/pare-brise, soit avec le support pour fente d&rsquo;a\u00e9ration, et comprend un c\u00e2ble extra long et des clips de guidage du c\u00e2ble.<br \/>\nLe TA-10 est enti\u00e8rement r\u00e9glable et peut pivoter \u00e0 360 degr\u00e9s pour une visibilit\u00e9 et un acc\u00e8s optimaux.<br \/>\nCompatible avec la plupart des smartphones, y compris Apple et Samsung, avec la technologie sans fil Qi jusqu&rsquo;\u00e0 15W.   <\/p>\n<\/div>","protected":false},"excerpt":{"rendered":"<ul>\n<li>Charge rapide Qi jusqu&rsquo;\u00e0 15W<\/li>\n<li>Fermeture automatique pour une utilisation d&rsquo;une seule main<\/li>\n<li>C\u00e2ble extra long et clips de guidage du c\u00e2ble<\/li>\n<li>Supports de pare-brise et de fentes d&rsquo;a\u00e9ration<\/li>\n<\/ul>\n","protected":false},"featured_media":7638,"comment_status":"open","ping_status":"closed","template":"","meta":{"_acf_changed":false,"inline_featured_image":false},"product_brand":[],"product_cat":[166],"product_tag":[],"class_list":{"0":"post-7670","1":"product","2":"type-product","3":"status-publish","4":"has-post-thumbnail","6":"product_cat-hubs-chargers-fr","8":"first","9":"outofstock","10":"shipping-taxable","11":"purchasable","12":"product-type-simple"},"acf":[],"yoast_head":"<!-- This site is optimized with the Yoast SEO plugin v27.5 - https:\/\/yoast.com\/product\/yoast-seo-wordpress\/ -->\n<title>Veho TA-10 Chargeur universel sans fil pour smartphone en voiture<\/title>\n<meta name=\"description\" content=\"Veho TA-10 support universel pour smartphone en voiture avec chargement Qi sans fil avec verrouillage automatique et d\u00e9verrouillage en une touche pour une utilisation d&#039;une seule main.\" \/>\n<meta name=\"robots\" content=\"index, follow, max-snippet:-1, max-image-preview:large, max-video-preview:-1\" \/>\n<link rel=\"canonical\" href=\"https:\/\/veho-schweiz.com\/fr\/product\/veho-ta-10-chargeur-universel-sans-fil-pour-smartphone-en-voiture\/\" \/>\n<meta property=\"og:locale\" content=\"fr_FR\" \/>\n<meta property=\"og:type\" content=\"article\" \/>\n<meta property=\"og:title\" content=\"Veho TA-10 Chargeur universel sans fil pour smartphone en voiture\" \/>\n<meta property=\"og:description\" content=\"Veho TA-10 support universel pour smartphone en voiture avec chargement Qi sans fil avec verrouillage automatique et d\u00e9verrouillage en une touche pour une utilisation d&#039;une seule main.\" \/>\n<meta property=\"og:url\" content=\"https:\/\/veho-schweiz.com\/fr\/product\/veho-ta-10-chargeur-universel-sans-fil-pour-smartphone-en-voiture\/\" \/>\n<meta property=\"og:site_name\" content=\"Veho Lifestyle Store Suisse\" \/>\n<meta property=\"article:modified_time\" content=\"2024-12-18T16:39:36+00:00\" \/>\n<meta property=\"og:image\" content=\"https:\/\/veho-schweiz.com\/wp-content\/uploads\/2024\/11\/ta10_hero-2.png\" \/>\n\t<meta property=\"og:image:width\" content=\"620\" \/>\n\t<meta property=\"og:image:height\" content=\"620\" \/>\n\t<meta property=\"og:image:type\" content=\"image\/png\" \/>\n<meta name=\"twitter:card\" content=\"summary_large_image\" \/>\n<meta name=\"twitter:label1\" content=\"Dur\u00e9e de lecture estim\u00e9e\" \/>\n\t<meta name=\"twitter:data1\" content=\"1 minute\" \/>\n<script type=\"application\/ld+json\" class=\"yoast-schema-graph\">{\"@context\":\"https:\\\/\\\/schema.org\",\"@graph\":[{\"@type\":\"WebPage\",\"@id\":\"https:\\\/\\\/veho-schweiz.com\\\/fr\\\/product\\\/veho-ta-10-chargeur-universel-sans-fil-pour-smartphone-en-voiture\\\/\",\"url\":\"https:\\\/\\\/veho-schweiz.com\\\/fr\\\/product\\\/veho-ta-10-chargeur-universel-sans-fil-pour-smartphone-en-voiture\\\/\",\"name\":\"Veho TA-10 Chargeur universel sans fil pour smartphone en voiture\",\"isPartOf\":{\"@id\":\"https:\\\/\\\/veho-schweiz.com\\\/fr\\\/#website\"},\"primaryImageOfPage\":{\"@id\":\"https:\\\/\\\/veho-schweiz.com\\\/fr\\\/product\\\/veho-ta-10-chargeur-universel-sans-fil-pour-smartphone-en-voiture\\\/#primaryimage\"},\"image\":{\"@id\":\"https:\\\/\\\/veho-schweiz.com\\\/fr\\\/product\\\/veho-ta-10-chargeur-universel-sans-fil-pour-smartphone-en-voiture\\\/#primaryimage\"},\"thumbnailUrl\":\"https:\\\/\\\/veho-schweiz.com\\\/wp-content\\\/uploads\\\/2024\\\/11\\\/ta10_hero-2.png\",\"datePublished\":\"2024-11-27T15:20:03+00:00\",\"dateModified\":\"2024-12-18T16:39:36+00:00\",\"description\":\"Veho TA-10 support universel pour smartphone en voiture avec chargement Qi sans fil avec verrouillage automatique et d\u00e9verrouillage en une touche pour une utilisation d'une seule main.\",\"breadcrumb\":{\"@id\":\"https:\\\/\\\/veho-schweiz.com\\\/fr\\\/product\\\/veho-ta-10-chargeur-universel-sans-fil-pour-smartphone-en-voiture\\\/#breadcrumb\"},\"inLanguage\":\"fr-FR\",\"potentialAction\":[{\"@type\":\"ReadAction\",\"target\":[\"https:\\\/\\\/veho-schweiz.com\\\/fr\\\/product\\\/veho-ta-10-chargeur-universel-sans-fil-pour-smartphone-en-voiture\\\/\"]}]},{\"@type\":\"ImageObject\",\"inLanguage\":\"fr-FR\",\"@id\":\"https:\\\/\\\/veho-schweiz.com\\\/fr\\\/product\\\/veho-ta-10-chargeur-universel-sans-fil-pour-smartphone-en-voiture\\\/#primaryimage\",\"url\":\"https:\\\/\\\/veho-schweiz.com\\\/wp-content\\\/uploads\\\/2024\\\/11\\\/ta10_hero-2.png\",\"contentUrl\":\"https:\\\/\\\/veho-schweiz.com\\\/wp-content\\\/uploads\\\/2024\\\/11\\\/ta10_hero-2.png\",\"width\":620,\"height\":620},{\"@type\":\"BreadcrumbList\",\"@id\":\"https:\\\/\\\/veho-schweiz.com\\\/fr\\\/product\\\/veho-ta-10-chargeur-universel-sans-fil-pour-smartphone-en-voiture\\\/#breadcrumb\",\"itemListElement\":[{\"@type\":\"ListItem\",\"position\":1,\"name\":\"Home\",\"item\":\"https:\\\/\\\/veho-schweiz.com\\\/fr\\\/\"},{\"@type\":\"ListItem\",\"position\":2,\"name\":\"Shop\",\"item\":\"https:\\\/\\\/veho-schweiz.com\\\/shop\\\/\"},{\"@type\":\"ListItem\",\"position\":3,\"name\":\"Veho TA-10 Chargeur universel sans fil pour smartphone en voiture\"}]},{\"@type\":\"WebSite\",\"@id\":\"https:\\\/\\\/veho-schweiz.com\\\/fr\\\/#website\",\"url\":\"https:\\\/\\\/veho-schweiz.com\\\/fr\\\/\",\"name\":\"Veho Lifestyle Store Suisse\",\"description\":\"\u00c9lectronique grand public de conception britannique\",\"potentialAction\":[{\"@type\":\"SearchAction\",\"target\":{\"@type\":\"EntryPoint\",\"urlTemplate\":\"https:\\\/\\\/veho-schweiz.com\\\/fr\\\/?s={search_term_string}\"},\"query-input\":{\"@type\":\"PropertyValueSpecification\",\"valueRequired\":true,\"valueName\":\"search_term_string\"}}],\"inLanguage\":\"fr-FR\"}]}<\/script>\n<!-- \/ Yoast SEO plugin. -->","yoast_head_json":{"title":"Veho TA-10 Chargeur universel sans fil pour smartphone en voiture","description":"Veho TA-10 support universel pour smartphone en voiture avec chargement Qi sans fil avec verrouillage automatique et d\u00e9verrouillage en une touche pour une utilisation d'une seule main.","robots":{"index":"index","follow":"follow","max-snippet":"max-snippet:-1","max-image-preview":"max-image-preview:large","max-video-preview":"max-video-preview:-1"},"canonical":"https:\/\/veho-schweiz.com\/fr\/product\/veho-ta-10-chargeur-universel-sans-fil-pour-smartphone-en-voiture\/","og_locale":"fr_FR","og_type":"article","og_title":"Veho TA-10 Chargeur universel sans fil pour smartphone en voiture","og_description":"Veho TA-10 support universel pour smartphone en voiture avec chargement Qi sans fil avec verrouillage automatique et d\u00e9verrouillage en une touche pour une utilisation d'une seule main.","og_url":"https:\/\/veho-schweiz.com\/fr\/product\/veho-ta-10-chargeur-universel-sans-fil-pour-smartphone-en-voiture\/","og_site_name":"Veho Lifestyle Store Suisse","article_modified_time":"2024-12-18T16:39:36+00:00","og_image":[{"width":620,"height":620,"url":"https:\/\/veho-schweiz.com\/wp-content\/uploads\/2024\/11\/ta10_hero-2.png","type":"image\/png"}],"twitter_card":"summary_large_image","twitter_misc":{"Dur\u00e9e de lecture estim\u00e9e":"1 minute"},"schema":{"@context":"https:\/\/schema.org","@graph":[{"@type":"WebPage","@id":"https:\/\/veho-schweiz.com\/fr\/product\/veho-ta-10-chargeur-universel-sans-fil-pour-smartphone-en-voiture\/","url":"https:\/\/veho-schweiz.com\/fr\/product\/veho-ta-10-chargeur-universel-sans-fil-pour-smartphone-en-voiture\/","name":"Veho TA-10 Chargeur universel sans fil pour smartphone en voiture","isPartOf":{"@id":"https:\/\/veho-schweiz.com\/fr\/#website"},"primaryImageOfPage":{"@id":"https:\/\/veho-schweiz.com\/fr\/product\/veho-ta-10-chargeur-universel-sans-fil-pour-smartphone-en-voiture\/#primaryimage"},"image":{"@id":"https:\/\/veho-schweiz.com\/fr\/product\/veho-ta-10-chargeur-universel-sans-fil-pour-smartphone-en-voiture\/#primaryimage"},"thumbnailUrl":"https:\/\/veho-schweiz.com\/wp-content\/uploads\/2024\/11\/ta10_hero-2.png","datePublished":"2024-11-27T15:20:03+00:00","dateModified":"2024-12-18T16:39:36+00:00","description":"Veho TA-10 support universel pour smartphone en voiture avec chargement Qi sans fil avec verrouillage automatique et d\u00e9verrouillage en une touche pour une utilisation d'une seule main.","breadcrumb":{"@id":"https:\/\/veho-schweiz.com\/fr\/product\/veho-ta-10-chargeur-universel-sans-fil-pour-smartphone-en-voiture\/#breadcrumb"},"inLanguage":"fr-FR","potentialAction":[{"@type":"ReadAction","target":["https:\/\/veho-schweiz.com\/fr\/product\/veho-ta-10-chargeur-universel-sans-fil-pour-smartphone-en-voiture\/"]}]},{"@type":"ImageObject","inLanguage":"fr-FR","@id":"https:\/\/veho-schweiz.com\/fr\/product\/veho-ta-10-chargeur-universel-sans-fil-pour-smartphone-en-voiture\/#primaryimage","url":"https:\/\/veho-schweiz.com\/wp-content\/uploads\/2024\/11\/ta10_hero-2.png","contentUrl":"https:\/\/veho-schweiz.com\/wp-content\/uploads\/2024\/11\/ta10_hero-2.png","width":620,"height":620},{"@type":"BreadcrumbList","@id":"https:\/\/veho-schweiz.com\/fr\/product\/veho-ta-10-chargeur-universel-sans-fil-pour-smartphone-en-voiture\/#breadcrumb","itemListElement":[{"@type":"ListItem","position":1,"name":"Home","item":"https:\/\/veho-schweiz.com\/fr\/"},{"@type":"ListItem","position":2,"name":"Shop","item":"https:\/\/veho-schweiz.com\/shop\/"},{"@type":"ListItem","position":3,"name":"Veho TA-10 Chargeur universel sans fil pour smartphone en voiture"}]},{"@type":"WebSite","@id":"https:\/\/veho-schweiz.com\/fr\/#website","url":"https:\/\/veho-schweiz.com\/fr\/","name":"Veho Lifestyle Store Suisse","description":"\u00c9lectronique grand public de conception britannique","potentialAction":[{"@type":"SearchAction","target":{"@type":"EntryPoint","urlTemplate":"https:\/\/veho-schweiz.com\/fr\/?s={search_term_string}"},"query-input":{"@type":"PropertyValueSpecification","valueRequired":true,"valueName":"search_term_string"}}],"inLanguage":"fr-FR"}]}},"jetpack_sharing_enabled":true,"_links":{"self":[{"href":"https:\/\/veho-schweiz.com\/fr\/wp-json\/wp\/v2\/product\/7670","targetHints":{"allow":["GET"]}}],"collection":[{"href":"https:\/\/veho-schweiz.com\/fr\/wp-json\/wp\/v2\/product"}],"about":[{"href":"https:\/\/veho-schweiz.com\/fr\/wp-json\/wp\/v2\/types\/product"}],"replies":[{"embeddable":true,"href":"https:\/\/veho-schweiz.com\/fr\/wp-json\/wp\/v2\/comments?post=7670"}],"wp:featuredmedia":[{"embeddable":true,"href":"https:\/\/veho-schweiz.com\/fr\/wp-json\/wp\/v2\/media\/7638"}],"wp:attachment":[{"href":"https:\/\/veho-schweiz.com\/fr\/wp-json\/wp\/v2\/media?parent=7670"}],"wp:term":[{"taxonomy":"product_brand","embeddable":true,"href":"https:\/\/veho-schweiz.com\/fr\/wp-json\/wp\/v2\/product_brand?post=7670"},{"taxonomy":"product_cat","embeddable":true,"href":"https:\/\/veho-schweiz.com\/fr\/wp-json\/wp\/v2\/product_cat?post=7670"},{"taxonomy":"product_tag","embeddable":true,"href":"https:\/\/veho-schweiz.com\/fr\/wp-json\/wp\/v2\/product_tag?post=7670"}],"curies":[{"name":"wp","href":"https:\/\/api.w.org\/{rel}","templated":true}]}}