{"id":7809,"date":"2022-02-07T10:03:04","date_gmt":"2022-02-07T09:03:04","guid":{"rendered":"https:\/\/veho-schweiz.com\/page-de-confidentialite\/"},"modified":"2024-12-06T10:44:28","modified_gmt":"2024-12-06T09:44:28","slug":"page-de-confidentialite","status":"publish","type":"page","link":"https:\/\/veho-schweiz.com\/fr\/page-de-confidentialite\/","title":{"rendered":"Page de confidentialit\u00e9"},"content":{"rendered":"<div class=\"wp-content wp-content--page\"><div class=\"entry-content\">\n<p>Cette politique d\u00e9finit notre politique en mati\u00e8re de protection de la vie priv\u00e9e. Veho prend votre vie priv\u00e9e au s\u00e9rieux et les informations seront utilis\u00e9es conform\u00e9ment \u00e0 la loi sur la protection des donn\u00e9es de 1998. <\/p>\n<p><strong>1. Votre consentement<\/strong><\/p>\n<p>Cette politique d\u00e9finit notre politique en mati\u00e8re de protection de la vie priv\u00e9e. Veho prend votre vie priv\u00e9e au s\u00e9rieux et les informations seront utilis\u00e9es conform\u00e9ment \u00e0 la loi sur la protection des donn\u00e9es de 1998. <\/p>\n<p><strong>2. Comment les informations personnelles sont collect\u00e9es et utilis\u00e9es<\/strong><\/p>\n<p>2.1. Pers\u00f6nliche Informationen k\u00f6nnen bereitgestellt werden, wenn Sie mit uns kommunizieren.<br \/>\n2.2. Sie k\u00f6nnen Ihren Namen und Ihre E-Mail-Adresse angeben, wenn Sie unsere Dienste nutzen oder einen Kommentar zu unseren Diensten oder unserer Website abgeben.<br \/>\n2.3. Sie k\u00f6nnen Ihren Namen, Ihre Adresse und Ihre E-Mail-Adresse angeben, wenn Sie an einem Wettbewerb oder einer Werbeaktion teilnehmen.<br \/>\n2.4. Sie k\u00f6nnen uns Informationen \u00fcber Ihre Priorit\u00e4ten und Vorlieben bereitstellen, sowohl wenn Sie uns diese mitteilen als auch wenn wir den Website-Verkehr der Kunden analysieren, einschlie\u00dflich der Verwendung von \u201eCookies\u201c.<br \/>\n2.5. Sie k\u00f6nnen uns Informationen \u00fcbermitteln, die als sensible personenbezogene Daten im Sinne des Data Protection Act 1998 gelten, beispielsweise \u00fcber Ihren Gesundheitszustand und Ihr Alter. Solche Informationen (\u201esensible Informationen\u201c) werden nur mit Ihrer ausdr\u00fccklichen schriftlichen Zustimmung weitergegeben.<br \/>\n2.6. Sie k\u00f6nnen uns bei der Zahlung an uns Kreditkarten-, Debitkarten- oder Bankkontodaten \u00fcbermitteln. Solche Informationen (\u201evertrauliche Finanzinformationen\u201c) werden nur gem\u00e4\u00df der nachstehenden Offenlegungsrichtlinie weitergegeben.<br \/>\n2.7. Die von Ihnen \u00fcbermittelten personenbezogenen Daten k\u00f6nnen uns dabei helfen, das Layout unserer Website zu verbessern, um sicherzustellen, dass unsere Website so unterhaltsam und relevant wie m\u00f6glich ist.<br \/>\n2.8. Die von Ihnen \u00fcbermittelten personenbezogenen Daten k\u00f6nnen uns dabei helfen, Sie \u00fcber Funktionen auf unserer Website oder \u00c4nderungen unserer Nutzungsbedingungen zu informieren.          <\/p>\n<p><strong>3. Donn\u00e9es de trafic<\/strong><\/p>\n<p>Nous pouvons partager des statistiques sur les ventes, les clients, les mod\u00e8les de trafic et des informations avec des tiers, mais ces statistiques n&rsquo;incluront aucune information permettant de vous identifier.<\/p>\n<p><strong>4. Politique de divulgation<\/strong><\/p>\n<p>Nous nous r\u00e9servons le droit d&rsquo;acc\u00e9der et de divulguer des informations individuellement identifiables pour nous permettre de nous conformer aux lois applicables et aux demandes l\u00e9gales du gouvernement pour exploiter nos syst\u00e8mes et nous prot\u00e9ger ou prot\u00e9ger nos utilisateurs.<\/p>\n<p><strong>5. Comment vos informations sont prot\u00e9g\u00e9es<\/strong><\/p>\n<p>Nous avons mis en place des proc\u00e9dures de s\u00e9curit\u00e9 strictes pour stocker vos donn\u00e9es afin d&#8217;emp\u00eacher tout acc\u00e8s non autoris\u00e9 et de nous conformer \u00e0 la loi sur la protection des donn\u00e9es de 1998. Cela signifie que nous pouvons vous demander une preuve d&rsquo;identit\u00e9 avant de traiter votre appel ou votre demande. <\/p>\n<p><strong>6. Comment sont utilis\u00e9s les \u00abcookies\u00bb<\/strong><\/p>\n<p>Un cookie est une information stock\u00e9e sur le disque dur de votre ordinateur. Il vous est g\u00e9n\u00e9ralement envoy\u00e9 par un serveur Web et permet au serveur de collecter des informations sur votre visite sur le site, notamment les pages sp\u00e9cifiques que vous avez visit\u00e9es et la date de votre derni\u00e8re visite. <\/p>\n<p><strong>7. Avez-vous besoin de plus d\u2019informations ?<\/strong><\/p>\n<p>Si vous avez des questions ou des pr\u00e9occupations concernant notre politique de confidentialit\u00e9, veuillez envoyer un e-mail \u00e0 marketing@veho-global.com<\/p>\n<\/div>\n<footer class=\"entry-footer\"><\/footer>\n<\/div>","protected":false},"excerpt":{"rendered":"<p>Cette politique d\u00e9finit notre politique en mati\u00e8re de protection de la vie priv\u00e9e. Veho prend votre vie priv\u00e9e au s\u00e9rieux et les informations seront utilis\u00e9es conform\u00e9ment \u00e0 la loi sur la protection des donn\u00e9es de 1998. 1. Votre consentement Cette politique d\u00e9finit notre politique en mati\u00e8re de protection de la vie priv\u00e9e. Veho prend votre [&hellip;]<\/p>\n","protected":false},"author":1,"featured_media":0,"parent":0,"menu_order":0,"comment_status":"closed","ping_status":"closed","template":"","meta":{"_acf_changed":false,"inline_featured_image":false,"footnotes":""},"class_list":["post-7809","page","type-page","status-publish","hentry"],"acf":[],"yoast_head":"<!-- This site is optimized with the Yoast SEO plugin v27.5 - https:\/\/yoast.com\/product\/yoast-seo-wordpress\/ -->\n<title>Page de confidentialit\u00e9 - Veho Lifestyle Store Suisse<\/title>\n<meta name=\"robots\" content=\"index, follow, max-snippet:-1, max-image-preview:large, max-video-preview:-1\" \/>\n<link rel=\"canonical\" href=\"https:\/\/veho-schweiz.com\/fr\/page-de-confidentialite\/\" \/>\n<meta property=\"og:locale\" content=\"fr_FR\" \/>\n<meta property=\"og:type\" content=\"article\" \/>\n<meta property=\"og:title\" content=\"Page de confidentialit\u00e9 - Veho Lifestyle Store Suisse\" \/>\n<meta property=\"og:description\" content=\"Cette politique d\u00e9finit notre politique en mati\u00e8re de protection de la vie priv\u00e9e. Veho prend votre vie priv\u00e9e au s\u00e9rieux et les informations seront utilis\u00e9es conform\u00e9ment \u00e0 la loi sur la protection des donn\u00e9es de 1998. 1. Votre consentement Cette politique d\u00e9finit notre politique en mati\u00e8re de protection de la vie priv\u00e9e. Veho prend votre [&hellip;]\" \/>\n<meta property=\"og:url\" content=\"https:\/\/veho-schweiz.com\/fr\/page-de-confidentialite\/\" \/>\n<meta property=\"og:site_name\" content=\"Veho Lifestyle Store Suisse\" \/>\n<meta property=\"article:modified_time\" content=\"2024-12-06T09:44:28+00:00\" \/>\n<meta name=\"twitter:card\" content=\"summary_large_image\" \/>\n<meta name=\"twitter:label1\" content=\"Dur\u00e9e de lecture estim\u00e9e\" \/>\n\t<meta name=\"twitter:data1\" content=\"3 minutes\" \/>\n<script type=\"application\/ld+json\" class=\"yoast-schema-graph\">{\"@context\":\"https:\\\/\\\/schema.org\",\"@graph\":[{\"@type\":\"WebPage\",\"@id\":\"https:\\\/\\\/veho-schweiz.com\\\/fr\\\/page-de-confidentialite\\\/\",\"url\":\"https:\\\/\\\/veho-schweiz.com\\\/fr\\\/page-de-confidentialite\\\/\",\"name\":\"Page de confidentialit\u00e9 - Veho Lifestyle Store Suisse\",\"isPartOf\":{\"@id\":\"https:\\\/\\\/veho-schweiz.com\\\/fr\\\/#website\"},\"datePublished\":\"2022-02-07T09:03:04+00:00\",\"dateModified\":\"2024-12-06T09:44:28+00:00\",\"breadcrumb\":{\"@id\":\"https:\\\/\\\/veho-schweiz.com\\\/fr\\\/page-de-confidentialite\\\/#breadcrumb\"},\"inLanguage\":\"fr-FR\",\"potentialAction\":[{\"@type\":\"ReadAction\",\"target\":[\"https:\\\/\\\/veho-schweiz.com\\\/fr\\\/page-de-confidentialite\\\/\"]}]},{\"@type\":\"BreadcrumbList\",\"@id\":\"https:\\\/\\\/veho-schweiz.com\\\/fr\\\/page-de-confidentialite\\\/#breadcrumb\",\"itemListElement\":[{\"@type\":\"ListItem\",\"position\":1,\"name\":\"Home\",\"item\":\"https:\\\/\\\/veho-schweiz.com\\\/fr\\\/\"},{\"@type\":\"ListItem\",\"position\":2,\"name\":\"Page de confidentialit\u00e9\"}]},{\"@type\":\"WebSite\",\"@id\":\"https:\\\/\\\/veho-schweiz.com\\\/fr\\\/#website\",\"url\":\"https:\\\/\\\/veho-schweiz.com\\\/fr\\\/\",\"name\":\"Veho Lifestyle Store Suisse\",\"description\":\"\u00c9lectronique grand public de conception britannique\",\"potentialAction\":[{\"@type\":\"SearchAction\",\"target\":{\"@type\":\"EntryPoint\",\"urlTemplate\":\"https:\\\/\\\/veho-schweiz.com\\\/fr\\\/?s={search_term_string}\"},\"query-input\":{\"@type\":\"PropertyValueSpecification\",\"valueRequired\":true,\"valueName\":\"search_term_string\"}}],\"inLanguage\":\"fr-FR\"}]}<\/script>\n<!-- \/ Yoast SEO plugin. -->","yoast_head_json":{"title":"Page de confidentialit\u00e9 - Veho Lifestyle Store Suisse","robots":{"index":"index","follow":"follow","max-snippet":"max-snippet:-1","max-image-preview":"max-image-preview:large","max-video-preview":"max-video-preview:-1"},"canonical":"https:\/\/veho-schweiz.com\/fr\/page-de-confidentialite\/","og_locale":"fr_FR","og_type":"article","og_title":"Page de confidentialit\u00e9 - Veho Lifestyle Store Suisse","og_description":"Cette politique d\u00e9finit notre politique en mati\u00e8re de protection de la vie priv\u00e9e. Veho prend votre vie priv\u00e9e au s\u00e9rieux et les informations seront utilis\u00e9es conform\u00e9ment \u00e0 la loi sur la protection des donn\u00e9es de 1998. 1. Votre consentement Cette politique d\u00e9finit notre politique en mati\u00e8re de protection de la vie priv\u00e9e. Veho prend votre [&hellip;]","og_url":"https:\/\/veho-schweiz.com\/fr\/page-de-confidentialite\/","og_site_name":"Veho Lifestyle Store Suisse","article_modified_time":"2024-12-06T09:44:28+00:00","twitter_card":"summary_large_image","twitter_misc":{"Dur\u00e9e de lecture estim\u00e9e":"3 minutes"},"schema":{"@context":"https:\/\/schema.org","@graph":[{"@type":"WebPage","@id":"https:\/\/veho-schweiz.com\/fr\/page-de-confidentialite\/","url":"https:\/\/veho-schweiz.com\/fr\/page-de-confidentialite\/","name":"Page de confidentialit\u00e9 - Veho Lifestyle Store Suisse","isPartOf":{"@id":"https:\/\/veho-schweiz.com\/fr\/#website"},"datePublished":"2022-02-07T09:03:04+00:00","dateModified":"2024-12-06T09:44:28+00:00","breadcrumb":{"@id":"https:\/\/veho-schweiz.com\/fr\/page-de-confidentialite\/#breadcrumb"},"inLanguage":"fr-FR","potentialAction":[{"@type":"ReadAction","target":["https:\/\/veho-schweiz.com\/fr\/page-de-confidentialite\/"]}]},{"@type":"BreadcrumbList","@id":"https:\/\/veho-schweiz.com\/fr\/page-de-confidentialite\/#breadcrumb","itemListElement":[{"@type":"ListItem","position":1,"name":"Home","item":"https:\/\/veho-schweiz.com\/fr\/"},{"@type":"ListItem","position":2,"name":"Page de confidentialit\u00e9"}]},{"@type":"WebSite","@id":"https:\/\/veho-schweiz.com\/fr\/#website","url":"https:\/\/veho-schweiz.com\/fr\/","name":"Veho Lifestyle Store Suisse","description":"\u00c9lectronique grand public de conception britannique","potentialAction":[{"@type":"SearchAction","target":{"@type":"EntryPoint","urlTemplate":"https:\/\/veho-schweiz.com\/fr\/?s={search_term_string}"},"query-input":{"@type":"PropertyValueSpecification","valueRequired":true,"valueName":"search_term_string"}}],"inLanguage":"fr-FR"}]}},"jetpack_sharing_enabled":true,"_links":{"self":[{"href":"https:\/\/veho-schweiz.com\/fr\/wp-json\/wp\/v2\/pages\/7809","targetHints":{"allow":["GET"]}}],"collection":[{"href":"https:\/\/veho-schweiz.com\/fr\/wp-json\/wp\/v2\/pages"}],"about":[{"href":"https:\/\/veho-schweiz.com\/fr\/wp-json\/wp\/v2\/types\/page"}],"author":[{"embeddable":true,"href":"https:\/\/veho-schweiz.com\/fr\/wp-json\/wp\/v2\/users\/1"}],"replies":[{"embeddable":true,"href":"https:\/\/veho-schweiz.com\/fr\/wp-json\/wp\/v2\/comments?post=7809"}],"version-history":[{"count":1,"href":"https:\/\/veho-schweiz.com\/fr\/wp-json\/wp\/v2\/pages\/7809\/revisions"}],"predecessor-version":[{"id":7928,"href":"https:\/\/veho-schweiz.com\/fr\/wp-json\/wp\/v2\/pages\/7809\/revisions\/7928"}],"wp:attachment":[{"href":"https:\/\/veho-schweiz.com\/fr\/wp-json\/wp\/v2\/media?parent=7809"}],"curies":[{"name":"wp","href":"https:\/\/api.w.org\/{rel}","templated":true}]}}