{"id":7660,"date":"2023-01-04T12:18:30","date_gmt":"2023-01-04T11:18:30","guid":{"rendered":"https:\/\/veho-schweiz.com\/a-propos-de-veho\/"},"modified":"2023-01-04T12:18:30","modified_gmt":"2023-01-04T11:18:30","slug":"a-propos-de-veho","status":"publish","type":"page","link":"https:\/\/veho-schweiz.com\/fr\/a-propos-de-veho\/","title":{"rendered":"\u00c0 propos de Veho"},"content":{"rendered":"<div class=\"wp-content wp-content--page\"><h2>\u00c0 propos de Veho<\/h2>\n<p>Fond\u00e9 en 2005, Veho est un fabricant d&rsquo;\u00e9lectronique grand public bas\u00e9 au Royaume-Uni, qui vend ses produits dans plus de 100 pays \u00e0 travers le monde. La conception et le d\u00e9veloppement des produits sont r\u00e9alis\u00e9s \u00e0 notre si\u00e8ge social de Southampton, en Angleterre. Nous avons plus de 100 marques et brevets d\u00e9pos\u00e9s. Veho a des bureaux de vente au Royaume-Uni, aux \u00c9tats-Unis, au Danemark et \u00e0 Hong Kong, ainsi que 5 entrep\u00f4ts dans le monde. Nous avons re\u00e7u de nombreux prix de produits et d&rsquo;entreprises pour l&rsquo;innovation.<\/p>\n<p>La gamme de produits est divis\u00e9e en sept cat\u00e9gories principales, dont les cam\u00e9ras mains libres Muvi\u2122, les banques d&rsquo;\u00e9nergie Pebble\u2122, les \u00e9couteurs de la s\u00e9rie Z, les haut-parleurs de la s\u00e9rie M,les accessoires mobiles SAEM\u2122 et le nouveau syst\u00e8me de s\u00e9curit\u00e9 domestique intelligent Cave\u2122. D\u00e9but 2019, nous d\u00e9velopperons un syst\u00e8me PC puissant appel\u00e9 HUT8\u2122.<\/p>\n<p>En 2014\/16, Veho a \u00e9t\u00e9 le principal sponsor du Southampton FC, qui \u00e9volue en Premier League anglaise, et entretient des partenariats de production\/technologie avec Apple (MFI) et Google, pour n&rsquo;en citer que quelques-uns.<\/p>\n<p>Avec des milliers de magasins de d\u00e9tail dans le monde qui vendent nos produits et plus d&rsquo;un demi-million d&rsquo;abonn\u00e9s Facebook dans le monde, Veho est l&rsquo;une des marques de CE qui conna\u00eet la plus forte croissance au monde.<\/p>\n<\/div>","protected":false},"excerpt":{"rendered":"<p>\u00c0 propos de Veho Fond\u00e9 en 2005, Veho est un fabricant d&rsquo;\u00e9lectronique grand public bas\u00e9 au Royaume-Uni, qui vend ses produits dans plus de 100 pays \u00e0 travers le monde. La conception et le d\u00e9veloppement des produits sont r\u00e9alis\u00e9s \u00e0 notre si\u00e8ge social de Southampton, en Angleterre. Nous avons plus de 100 marques et brevets [&hellip;]<\/p>\n","protected":false},"author":3,"featured_media":0,"parent":0,"menu_order":0,"comment_status":"closed","ping_status":"closed","template":"","meta":{"_acf_changed":false,"inline_featured_image":false,"footnotes":""},"class_list":["post-7660","page","type-page","status-publish","hentry"],"acf":[],"yoast_head":"<!-- This site is optimized with the Yoast SEO plugin v27.5 - https:\/\/yoast.com\/product\/yoast-seo-wordpress\/ -->\n<title>\u00c0 propos de Veho - Veho Lifestyle Store Suisse<\/title>\n<meta name=\"robots\" content=\"index, follow, max-snippet:-1, max-image-preview:large, max-video-preview:-1\" \/>\n<link rel=\"canonical\" href=\"https:\/\/veho-schweiz.com\/fr\/a-propos-de-veho\/\" \/>\n<meta property=\"og:locale\" content=\"fr_FR\" \/>\n<meta property=\"og:type\" content=\"article\" \/>\n<meta property=\"og:title\" content=\"\u00c0 propos de Veho - Veho Lifestyle Store Suisse\" \/>\n<meta property=\"og:description\" content=\"\u00c0 propos de Veho Fond\u00e9 en 2005, Veho est un fabricant d&rsquo;\u00e9lectronique grand public bas\u00e9 au Royaume-Uni, qui vend ses produits dans plus de 100 pays \u00e0 travers le monde. La conception et le d\u00e9veloppement des produits sont r\u00e9alis\u00e9s \u00e0 notre si\u00e8ge social de Southampton, en Angleterre. Nous avons plus de 100 marques et brevets [&hellip;]\" \/>\n<meta property=\"og:url\" content=\"https:\/\/veho-schweiz.com\/fr\/a-propos-de-veho\/\" \/>\n<meta property=\"og:site_name\" content=\"Veho Lifestyle Store Suisse\" \/>\n<meta name=\"twitter:card\" content=\"summary_large_image\" \/>\n<meta name=\"twitter:label1\" content=\"Dur\u00e9e de lecture estim\u00e9e\" \/>\n\t<meta name=\"twitter:data1\" content=\"1 minute\" \/>\n<script type=\"application\/ld+json\" class=\"yoast-schema-graph\">{\"@context\":\"https:\\\/\\\/schema.org\",\"@graph\":[{\"@type\":\"WebPage\",\"@id\":\"https:\\\/\\\/veho-schweiz.com\\\/fr\\\/a-propos-de-veho\\\/\",\"url\":\"https:\\\/\\\/veho-schweiz.com\\\/fr\\\/a-propos-de-veho\\\/\",\"name\":\"\u00c0 propos de Veho - Veho Lifestyle Store Suisse\",\"isPartOf\":{\"@id\":\"https:\\\/\\\/veho-schweiz.com\\\/fr\\\/#website\"},\"datePublished\":\"2023-01-04T11:18:30+00:00\",\"breadcrumb\":{\"@id\":\"https:\\\/\\\/veho-schweiz.com\\\/fr\\\/a-propos-de-veho\\\/#breadcrumb\"},\"inLanguage\":\"fr-FR\",\"potentialAction\":[{\"@type\":\"ReadAction\",\"target\":[\"https:\\\/\\\/veho-schweiz.com\\\/fr\\\/a-propos-de-veho\\\/\"]}]},{\"@type\":\"BreadcrumbList\",\"@id\":\"https:\\\/\\\/veho-schweiz.com\\\/fr\\\/a-propos-de-veho\\\/#breadcrumb\",\"itemListElement\":[{\"@type\":\"ListItem\",\"position\":1,\"name\":\"Home\",\"item\":\"https:\\\/\\\/veho-schweiz.com\\\/fr\\\/\"},{\"@type\":\"ListItem\",\"position\":2,\"name\":\"\u00c0 propos de Veho\"}]},{\"@type\":\"WebSite\",\"@id\":\"https:\\\/\\\/veho-schweiz.com\\\/fr\\\/#website\",\"url\":\"https:\\\/\\\/veho-schweiz.com\\\/fr\\\/\",\"name\":\"Veho Lifestyle Store Suisse\",\"description\":\"\u00c9lectronique grand public de conception britannique\",\"potentialAction\":[{\"@type\":\"SearchAction\",\"target\":{\"@type\":\"EntryPoint\",\"urlTemplate\":\"https:\\\/\\\/veho-schweiz.com\\\/fr\\\/?s={search_term_string}\"},\"query-input\":{\"@type\":\"PropertyValueSpecification\",\"valueRequired\":true,\"valueName\":\"search_term_string\"}}],\"inLanguage\":\"fr-FR\"}]}<\/script>\n<!-- \/ Yoast SEO plugin. -->","yoast_head_json":{"title":"\u00c0 propos de Veho - Veho Lifestyle Store Suisse","robots":{"index":"index","follow":"follow","max-snippet":"max-snippet:-1","max-image-preview":"max-image-preview:large","max-video-preview":"max-video-preview:-1"},"canonical":"https:\/\/veho-schweiz.com\/fr\/a-propos-de-veho\/","og_locale":"fr_FR","og_type":"article","og_title":"\u00c0 propos de Veho - Veho Lifestyle Store Suisse","og_description":"\u00c0 propos de Veho Fond\u00e9 en 2005, Veho est un fabricant d&rsquo;\u00e9lectronique grand public bas\u00e9 au Royaume-Uni, qui vend ses produits dans plus de 100 pays \u00e0 travers le monde. La conception et le d\u00e9veloppement des produits sont r\u00e9alis\u00e9s \u00e0 notre si\u00e8ge social de Southampton, en Angleterre. Nous avons plus de 100 marques et brevets [&hellip;]","og_url":"https:\/\/veho-schweiz.com\/fr\/a-propos-de-veho\/","og_site_name":"Veho Lifestyle Store Suisse","twitter_card":"summary_large_image","twitter_misc":{"Dur\u00e9e de lecture estim\u00e9e":"1 minute"},"schema":{"@context":"https:\/\/schema.org","@graph":[{"@type":"WebPage","@id":"https:\/\/veho-schweiz.com\/fr\/a-propos-de-veho\/","url":"https:\/\/veho-schweiz.com\/fr\/a-propos-de-veho\/","name":"\u00c0 propos de Veho - Veho Lifestyle Store Suisse","isPartOf":{"@id":"https:\/\/veho-schweiz.com\/fr\/#website"},"datePublished":"2023-01-04T11:18:30+00:00","breadcrumb":{"@id":"https:\/\/veho-schweiz.com\/fr\/a-propos-de-veho\/#breadcrumb"},"inLanguage":"fr-FR","potentialAction":[{"@type":"ReadAction","target":["https:\/\/veho-schweiz.com\/fr\/a-propos-de-veho\/"]}]},{"@type":"BreadcrumbList","@id":"https:\/\/veho-schweiz.com\/fr\/a-propos-de-veho\/#breadcrumb","itemListElement":[{"@type":"ListItem","position":1,"name":"Home","item":"https:\/\/veho-schweiz.com\/fr\/"},{"@type":"ListItem","position":2,"name":"\u00c0 propos de Veho"}]},{"@type":"WebSite","@id":"https:\/\/veho-schweiz.com\/fr\/#website","url":"https:\/\/veho-schweiz.com\/fr\/","name":"Veho Lifestyle Store Suisse","description":"\u00c9lectronique grand public de conception britannique","potentialAction":[{"@type":"SearchAction","target":{"@type":"EntryPoint","urlTemplate":"https:\/\/veho-schweiz.com\/fr\/?s={search_term_string}"},"query-input":{"@type":"PropertyValueSpecification","valueRequired":true,"valueName":"search_term_string"}}],"inLanguage":"fr-FR"}]}},"jetpack_sharing_enabled":true,"_links":{"self":[{"href":"https:\/\/veho-schweiz.com\/fr\/wp-json\/wp\/v2\/pages\/7660","targetHints":{"allow":["GET"]}}],"collection":[{"href":"https:\/\/veho-schweiz.com\/fr\/wp-json\/wp\/v2\/pages"}],"about":[{"href":"https:\/\/veho-schweiz.com\/fr\/wp-json\/wp\/v2\/types\/page"}],"author":[{"embeddable":true,"href":"https:\/\/veho-schweiz.com\/fr\/wp-json\/wp\/v2\/users\/3"}],"replies":[{"embeddable":true,"href":"https:\/\/veho-schweiz.com\/fr\/wp-json\/wp\/v2\/comments?post=7660"}],"version-history":[{"count":0,"href":"https:\/\/veho-schweiz.com\/fr\/wp-json\/wp\/v2\/pages\/7660\/revisions"}],"wp:attachment":[{"href":"https:\/\/veho-schweiz.com\/fr\/wp-json\/wp\/v2\/media?parent=7660"}],"curies":[{"name":"wp","href":"https:\/\/api.w.org\/{rel}","templated":true}]}}